{"id":11211,"date":"2020-06-04T12:12:10","date_gmt":"2020-06-04T02:12:10","guid":{"rendered":"https:\/\/www.mediacp.net\/desarrollo-personalizado-patrocinado\/"},"modified":"2022-10-13T08:54:30","modified_gmt":"2022-10-12T21:54:30","slug":"desarrollo-personalizado-patrocinado","status":"publish","type":"page","link":"https:\/\/www.mediacp.net\/es\/desarrollo-personalizado-patrocinado\/","title":{"rendered":"Desarrollo personalizado patrocinado"},"content":{"rendered":"\t\t<div data-elementor-type=\"wp-post\" data-elementor-id=\"11211\" class=\"elementor elementor-11211 elementor-8163\" data-elementor-post-type=\"page\">\n\t\t\t\t\t\t<section class=\"elementor-section elementor-top-section elementor-element elementor-element-4dc8c84 elementor-section-boxed elementor-section-height-default elementor-section-height-default\" data-id=\"4dc8c84\" data-element_type=\"section\" data-e-type=\"section\" data-settings=\"{&quot;background_background&quot;:&quot;gradient&quot;}\">\n\t\t\t\t\t\t<div class=\"elementor-container elementor-column-gap-default\">\n\t\t\t\t\t<div class=\"elementor-column elementor-col-100 elementor-top-column elementor-element elementor-element-6f81e8c\" data-id=\"6f81e8c\" data-element_type=\"column\" data-e-type=\"column\">\n\t\t\t<div class=\"elementor-widget-wrap elementor-element-populated\">\n\t\t\t\t\t\t<div class=\"elementor-element elementor-element-1ee3627 elementor-widget elementor-widget-heading\" data-id=\"1ee3627\" data-element_type=\"widget\" data-e-type=\"widget\" data-widget_type=\"heading.default\">\n\t\t\t\t<div class=\"elementor-widget-container\">\n\t\t\t\t\t<h1 class=\"elementor-heading-title elementor-size-default\">Desarrollo personalizado<\/h1>\t\t\t\t<\/div>\n\t\t\t\t<\/div>\n\t\t\t\t\t<\/div>\n\t\t<\/div>\n\t\t\t\t\t<\/div>\n\t\t<\/section>\n\t\t\t\t<section class=\"elementor-section elementor-top-section elementor-element elementor-element-c36b738 elementor-section-boxed elementor-section-height-default elementor-section-height-default\" data-id=\"c36b738\" data-element_type=\"section\" data-e-type=\"section\" data-settings=\"{&quot;background_background&quot;:&quot;classic&quot;,&quot;shape_divider_top&quot;:&quot;mountains&quot;}\">\n\t\t\t\t\t<div class=\"elementor-shape elementor-shape-top\" aria-hidden=\"true\" data-negative=\"false\">\n\t\t\t<svg xmlns=\"http:\/\/www.w3.org\/2000\/svg\" viewBox=\"0 0 1000 100\" preserveAspectRatio=\"none\">\n\t<path class=\"elementor-shape-fill\" opacity=\"0.33\" d=\"M473,67.3c-203.9,88.3-263.1-34-320.3,0C66,119.1,0,59.7,0,59.7V0h1000v59.7 c0,0-62.1,26.1-94.9,29.3c-32.8,3.3-62.8-12.3-75.8-22.1C806,49.6,745.3,8.7,694.9,4.7S492.4,59,473,67.3z\"\/>\n\t<path class=\"elementor-shape-fill\" opacity=\"0.66\" d=\"M734,67.3c-45.5,0-77.2-23.2-129.1-39.1c-28.6-8.7-150.3-10.1-254,39.1 s-91.7-34.4-149.2,0C115.7,118.3,0,39.8,0,39.8V0h1000v36.5c0,0-28.2-18.5-92.1-18.5C810.2,18.1,775.7,67.3,734,67.3z\"\/>\n\t<path class=\"elementor-shape-fill\" d=\"M766.1,28.9c-200-57.5-266,65.5-395.1,19.5C242,1.8,242,5.4,184.8,20.6C128,35.8,132.3,44.9,89.9,52.5C28.6,63.7,0,0,0,0 h1000c0,0-9.9,40.9-83.6,48.1S829.6,47,766.1,28.9z\"\/>\n<\/svg>\t\t<\/div>\n\t\t\t\t\t<div class=\"elementor-container elementor-column-gap-default\">\n\t\t\t\t\t<div class=\"elementor-column elementor-col-100 elementor-top-column elementor-element elementor-element-2eb7493\" data-id=\"2eb7493\" data-element_type=\"column\" data-e-type=\"column\">\n\t\t\t<div class=\"elementor-widget-wrap elementor-element-populated\">\n\t\t\t\t\t\t<div class=\"elementor-element elementor-element-0de699c elementor-widget elementor-widget-heading\" data-id=\"0de699c\" data-element_type=\"widget\" data-e-type=\"widget\" data-widget_type=\"heading.default\">\n\t\t\t\t<div class=\"elementor-widget-container\">\n\t\t\t\t\t<h2 class=\"elementor-heading-title elementor-size-large\">Nuestro proceso de desarrollo<\/h2>\t\t\t\t<\/div>\n\t\t\t\t<\/div>\n\t\t\t\t\t<\/div>\n\t\t<\/div>\n\t\t\t\t\t<\/div>\n\t\t<\/section>\n\t\t\t\t<section class=\"elementor-section elementor-top-section elementor-element elementor-element-1a5f837 elementor-section-boxed elementor-section-height-default elementor-section-height-default\" data-id=\"1a5f837\" data-element_type=\"section\" data-e-type=\"section\">\n\t\t\t\t\t\t<div class=\"elementor-container elementor-column-gap-default\">\n\t\t\t\t\t<div class=\"elementor-column elementor-col-100 elementor-top-column elementor-element elementor-element-919a49b\" data-id=\"919a49b\" data-element_type=\"column\" data-e-type=\"column\">\n\t\t\t<div class=\"elementor-widget-wrap elementor-element-populated\">\n\t\t\t\t\t\t<div class=\"elementor-element elementor-element-0a4c004 elementor-widget elementor-widget-text-editor\" data-id=\"0a4c004\" data-element_type=\"widget\" data-e-type=\"widget\" data-widget_type=\"text-editor.default\">\n\t\t\t\t<div class=\"elementor-widget-container\">\n\t\t\t\t\t\t\t\t\t<p style=\"text-align: center;\"><strong style=\"font-size: 1rem;\">Cada mes seleccionamos una serie de <\/strong> <a style=\"background-color: #ffffff; font-size: 1rem;\" href=\"https:\/\/trello.com\/b\/GTMcs1Op\/mediacp-features\" target=\"_blank\" rel=\"noopener\">caracter\u00edsticas solicitadas de nuestra junta de Trello<\/a><strong style=\"font-size: 1rem;\">  para ser incluido la pr\u00f3xima versi\u00f3n principal de la caracter\u00edstica del MediaCP. Seleccionamos caracter\u00edsticas basadas en la popularidad, as\u00ed como consideraciones sobre la evoluci\u00f3n del espacio de transmisi\u00f3n de audio y v\u00eddeo.<\/strong><\/p>\n<p style=\"text-align: center;\">Hay una larga lista de solicitudes de caracter\u00edsticas y, como tal, no se proporciona ning\u00fan plazo para estos elementos.<\/p>\n\t\t\t\t\t\t\t\t<\/div>\n\t\t\t\t<\/div>\n\t\t\t\t<div class=\"elementor-element elementor-element-62cd177 elementor-widget elementor-widget-heading\" data-id=\"62cd177\" data-element_type=\"widget\" data-e-type=\"widget\" data-widget_type=\"heading.default\">\n\t\t\t\t<div class=\"elementor-widget-container\">\n\t\t\t\t\t<h2 class=\"elementor-heading-title elementor-size-large\">Ayune su solicitud<\/h2>\t\t\t\t<\/div>\n\t\t\t\t<\/div>\n\t\t\t\t<div class=\"elementor-element elementor-element-d001a43 elementor-widget elementor-widget-text-editor\" data-id=\"d001a43\" data-element_type=\"widget\" data-e-type=\"widget\" data-widget_type=\"text-editor.default\">\n\t\t\t\t<div class=\"elementor-widget-container\">\n\t\t\t\t\t\t\t\t\t<p style=\"text-align: center;\"><strong><span style=\"font-size: 1rem;\">Nuestro equipo de desarrollo puede trabajar con su empresa directamente para acelerar su solicitud si creemos que la solicitud est\u00e1 en l\u00ednea con nuestros valores de producto.<\/span><\/strong><\/p>\n\t\t\t\t\t\t\t\t<\/div>\n\t\t\t\t<\/div>\n\t\t\t\t\t<\/div>\n\t\t<\/div>\n\t\t\t\t\t<\/div>\n\t\t<\/section>\n\t\t\t\t<section class=\"elementor-section elementor-top-section elementor-element elementor-element-93c8430 elementor-section-boxed elementor-section-height-default elementor-section-height-default\" data-id=\"93c8430\" data-element_type=\"section\" data-e-type=\"section\">\n\t\t\t\t\t\t<div class=\"elementor-container elementor-column-gap-default\">\n\t\t\t\t\t<div class=\"elementor-column elementor-col-50 elementor-top-column elementor-element elementor-element-de37420\" data-id=\"de37420\" data-element_type=\"column\" data-e-type=\"column\">\n\t\t\t<div class=\"elementor-widget-wrap elementor-element-populated\">\n\t\t\t\t\t\t<div class=\"elementor-element elementor-element-4e8b181 elementor-widget elementor-widget-html\" data-id=\"4e8b181\" data-element_type=\"widget\" data-e-type=\"widget\" data-widget_type=\"html.default\">\n\t\t\t\t<div class=\"elementor-widget-container\">\n\t\t\t\t\t<table style=\"max-width: 450px;margin: auto;\">\n    <tr>\n        <th width=\"250\">Tipo de cambio<\/th>\n        <th width=\"100\">costar<\/th>\n    <\/tr>\n    <tr>\n        <td>Modificaci\u00f3n menor<\/td>\n        <td>$150 USD<\/td>\n    <\/tr>\n    <tr>\n        <td>Cambios peque\u00f1os \/ moderados<\/td>\n        <td>$350 USD<\/td>\n    <\/tr>\n    <tr>\n        <td>Todos los dem\u00e1s cambios<\/td>\n        <td>\n            <a href=\"https:\/\/www.mediacp.net\/portal\/submitticket.php?step=2&amp;deptid=1\">cont\u00e1ctenos<\/a>\n            <\/td>\n    <\/tr>\n<\/table>\t\t\t\t<\/div>\n\t\t\t\t<\/div>\n\t\t\t\t\t<\/div>\n\t\t<\/div>\n\t\t\t\t<div class=\"elementor-column elementor-col-50 elementor-top-column elementor-element elementor-element-acdff9d\" data-id=\"acdff9d\" data-element_type=\"column\" data-e-type=\"column\">\n\t\t\t<div class=\"elementor-widget-wrap elementor-element-populated\">\n\t\t\t\t\t\t<div class=\"elementor-element elementor-element-7fca743 elementor-widget elementor-widget-text-editor\" data-id=\"7fca743\" data-element_type=\"widget\" data-e-type=\"widget\" data-widget_type=\"text-editor.default\">\n\t\t\t\t<div class=\"elementor-widget-container\">\n\t\t\t\t\t\t\t\t\t<p style=\"text-align: center;\"><strong><span style=\"font-size: 1rem;\">Todas las solicitudes de seguimiento r\u00e1pido incluyen:<\/span><\/strong><\/p>\n<ul>\n<li>Instalaci\u00f3n del cambio en su MediaCP tan pronto como se complete.<\/li>\n<li>Soluci\u00f3n de problemas de prioridad de cualquier problema relacionado con el cambio.<\/li>\n<\/ul>\n\t\t\t\t\t\t\t\t<\/div>\n\t\t\t\t<\/div>\n\t\t\t\t\t<\/div>\n\t\t<\/div>\n\t\t\t\t\t<\/div>\n\t\t<\/section>\n\t\t\t\t<section class=\"elementor-section elementor-top-section elementor-element elementor-element-3e139ff elementor-section-boxed elementor-section-height-default elementor-section-height-default\" data-id=\"3e139ff\" data-element_type=\"section\" data-e-type=\"section\" data-settings=\"{&quot;background_background&quot;:&quot;classic&quot;}\">\n\t\t\t\t\t\t<div class=\"elementor-container elementor-column-gap-default\">\n\t\t\t\t\t<div class=\"elementor-column elementor-col-100 elementor-top-column elementor-element elementor-element-22dd5c6\" data-id=\"22dd5c6\" data-element_type=\"column\" data-e-type=\"column\">\n\t\t\t<div class=\"elementor-widget-wrap elementor-element-populated\">\n\t\t\t\t\t\t<div class=\"elementor-element elementor-element-600ad5a elementor-widget elementor-widget-text-editor\" data-id=\"600ad5a\" data-element_type=\"widget\" data-e-type=\"widget\" data-widget_type=\"text-editor.default\">\n\t\t\t\t<div class=\"elementor-widget-container\">\n\t\t\t\t\t\t\t\t\t<p style=\"text-align: center;\"><strong><span style=\"font-size: 1rem;\">T\u00e9rminos y condiciones<\/span><\/strong><\/p>\n<p style=\"text-align: center;\"><span style=\"font-size: 1rem;\">Todos los cambios de desarrollo acordados se implementar\u00e1n directamente en su MediaCP una vez completado el cambio.<\/span><\/p>\n<p style=\"text-align: center;\"><span style=\"font-size: 1rem;\">Los cambios menores y peque\u00f1os se incluir\u00e1n en la pr\u00f3xima versi\u00f3n de software actual y se publicar\u00e1n cambios m\u00e1s grandes en la pr\u00f3xima versi\u00f3n principal.<\/span><\/p>\n<p style=\"text-align: center;\">Los cambios adicionales en su solicitud incurrir\u00e1n en costos adicionales.<\/p>\n<p style=\"text-align: center;\">No todas las solicitudes ser\u00e1n aprobadas.<\/p>\n<p style=\"text-align: center;\">Si su solicitud se est\u00e1 implementando como parte de un proceso de incorporaci\u00f3n como un nuevo cliente, entonces el valor de la solicitud de cambio no es reembolsable.<\/p>\n\t\t\t\t\t\t\t\t<\/div>\n\t\t\t\t<\/div>\n\t\t\t\t\t<\/div>\n\t\t<\/div>\n\t\t\t\t\t<\/div>\n\t\t<\/section>\n\t\t\t\t<section class=\"elementor-section elementor-top-section elementor-element elementor-element-308073e elementor-section-boxed elementor-section-height-default elementor-section-height-default\" data-id=\"308073e\" data-element_type=\"section\" data-e-type=\"section\" data-settings=\"{&quot;background_background&quot;:&quot;classic&quot;}\">\n\t\t\t\t\t\t<div class=\"elementor-container elementor-column-gap-default\">\n\t\t\t\t\t<div class=\"elementor-column elementor-col-100 elementor-top-column elementor-element elementor-element-5671890\" data-id=\"5671890\" data-element_type=\"column\" data-e-type=\"column\">\n\t\t\t<div class=\"elementor-widget-wrap elementor-element-populated\">\n\t\t\t\t\t\t<div class=\"elementor-element elementor-element-92abd8f elementor-widget elementor-widget-heading\" data-id=\"92abd8f\" data-element_type=\"widget\" data-e-type=\"widget\" data-widget_type=\"heading.default\">\n\t\t\t\t<div class=\"elementor-widget-container\">\n\t\t\t\t\t<h2 class=\"elementor-heading-title elementor-size-large\">\u00bfListo para enviar una solicitud?<\/h2>\t\t\t\t<\/div>\n\t\t\t\t<\/div>\n\t\t\t\t<div class=\"elementor-element elementor-element-bb0b998 elementor-align-center elementor-widget elementor-widget-button\" data-id=\"bb0b998\" data-element_type=\"widget\" data-e-type=\"widget\" data-widget_type=\"button.default\">\n\t\t\t\t<div class=\"elementor-widget-container\">\n\t\t\t\t\t\t\t\t\t<div class=\"elementor-button-wrapper\">\n\t\t\t\t\t<a class=\"elementor-button elementor-button-link elementor-size-sm\" href=\"https:\/\/www.mediacp.net\/portal\/submitticket.php\">\n\t\t\t\t\t\t<span class=\"elementor-button-content-wrapper\">\n\t\t\t\t\t\t\t\t\t<span class=\"elementor-button-text\">cont\u00e1ctenos<\/span>\n\t\t\t\t\t<\/span>\n\t\t\t\t\t<\/a>\n\t\t\t\t<\/div>\n\t\t\t\t\t\t\t\t<\/div>\n\t\t\t\t<\/div>\n\t\t\t\t\t<\/div>\n\t\t<\/div>\n\t\t\t\t\t<\/div>\n\t\t<\/section>\n\t\t\t\t<\/div>\n\t\t","protected":false},"excerpt":{"rendered":"<p>Desarrollo personalizado Nuestro proceso de desarrollo Cada mes seleccionamos una serie de caracter\u00edsticas solicitadas de nuestra junta de Trello para ser incluido la pr\u00f3xima versi\u00f3n principal de la caracter\u00edstica del MediaCP. Seleccionamos caracter\u00edsticas basadas en la popularidad, as\u00ed como consideraciones sobre la evoluci\u00f3n del espacio de transmisi\u00f3n de audio y v\u00eddeo. Hay una larga lista [&hellip;]<\/p>\n","protected":false},"author":3,"featured_media":0,"parent":0,"menu_order":0,"comment_status":"closed","ping_status":"closed","template":"elementor_header_footer","meta":{"_acf_changed":false,"_monsterinsights_skip_tracking":false,"_monsterinsights_sitenote_active":false,"_monsterinsights_sitenote_note":"","_monsterinsights_sitenote_category":0,"footnotes":""},"class_list":["post-11211","page","type-page","status-publish","hentry"],"acf":[],"yoast_head":"<!-- This site is optimized with the Yoast SEO plugin v26.6 - https:\/\/yoast.com\/wordpress\/plugins\/seo\/ -->\n<title>Desarrollo personalizado patrocinado - Media Control Panel<\/title>\n<meta name=\"robots\" content=\"index, follow, max-snippet:-1, max-image-preview:large, max-video-preview:-1\" \/>\n<link rel=\"canonical\" href=\"https:\/\/www.mediacp.net\/es\/desarrollo-personalizado-patrocinado\/\" \/>\n<meta property=\"og:locale\" content=\"es_ES\" \/>\n<meta property=\"og:type\" content=\"article\" \/>\n<meta property=\"og:title\" content=\"Desarrollo personalizado patrocinado - Media Control Panel\" \/>\n<meta property=\"og:description\" content=\"Desarrollo personalizado Nuestro proceso de desarrollo Cada mes seleccionamos una serie de caracter\u00edsticas solicitadas de nuestra junta de Trello para ser incluido la pr\u00f3xima versi\u00f3n principal de la caracter\u00edstica del MediaCP. Seleccionamos caracter\u00edsticas basadas en la popularidad, as\u00ed como consideraciones sobre la evoluci\u00f3n del espacio de transmisi\u00f3n de audio y v\u00eddeo. Hay una larga lista [&hellip;]\" \/>\n<meta property=\"og:url\" content=\"https:\/\/www.mediacp.net\/es\/desarrollo-personalizado-patrocinado\/\" \/>\n<meta property=\"og:site_name\" content=\"Media Control Panel\" \/>\n<meta property=\"article:modified_time\" content=\"2022-10-12T21:54:30+00:00\" \/>\n<meta name=\"twitter:card\" content=\"summary_large_image\" \/>\n<meta name=\"twitter:label1\" content=\"Tiempo de lectura\" \/>\n\t<meta name=\"twitter:data1\" content=\"1 minuto\" \/>\n<script type=\"application\/ld+json\" class=\"yoast-schema-graph\">{\"@context\":\"https:\/\/schema.org\",\"@graph\":[{\"@type\":\"WebPage\",\"@id\":\"https:\/\/www.mediacp.net\/es\/desarrollo-personalizado-patrocinado\/\",\"url\":\"https:\/\/www.mediacp.net\/es\/desarrollo-personalizado-patrocinado\/\",\"name\":\"Desarrollo personalizado patrocinado - Media Control Panel\",\"isPartOf\":{\"@id\":\"https:\/\/www.mediacp.net\/es\/#website\"},\"datePublished\":\"2020-06-04T02:12:10+00:00\",\"dateModified\":\"2022-10-12T21:54:30+00:00\",\"breadcrumb\":{\"@id\":\"https:\/\/www.mediacp.net\/es\/desarrollo-personalizado-patrocinado\/#breadcrumb\"},\"inLanguage\":\"es\",\"potentialAction\":[{\"@type\":\"ReadAction\",\"target\":[\"https:\/\/www.mediacp.net\/es\/desarrollo-personalizado-patrocinado\/\"]}]},{\"@type\":\"BreadcrumbList\",\"@id\":\"https:\/\/www.mediacp.net\/es\/desarrollo-personalizado-patrocinado\/#breadcrumb\",\"itemListElement\":[{\"@type\":\"ListItem\",\"position\":1,\"name\":\"Home\",\"item\":\"https:\/\/www.mediacp.net\/es\/\"},{\"@type\":\"ListItem\",\"position\":2,\"name\":\"Desarrollo personalizado patrocinado\"}]},{\"@type\":\"WebSite\",\"@id\":\"https:\/\/www.mediacp.net\/es\/#website\",\"url\":\"https:\/\/www.mediacp.net\/es\/\",\"name\":\"Media Control Panel\",\"description\":\"\",\"publisher\":{\"@id\":\"https:\/\/www.mediacp.net\/es\/#organization\"},\"potentialAction\":[{\"@type\":\"SearchAction\",\"target\":{\"@type\":\"EntryPoint\",\"urlTemplate\":\"https:\/\/www.mediacp.net\/es\/?s={search_term_string}\"},\"query-input\":{\"@type\":\"PropertyValueSpecification\",\"valueRequired\":true,\"valueName\":\"search_term_string\"}}],\"inLanguage\":\"es\"},{\"@type\":\"Organization\",\"@id\":\"https:\/\/www.mediacp.net\/es\/#organization\",\"name\":\"Media Control Panel\",\"url\":\"https:\/\/www.mediacp.net\/es\/\",\"logo\":{\"@type\":\"ImageObject\",\"inLanguage\":\"es\",\"@id\":\"https:\/\/www.mediacp.net\/es\/#\/schema\/logo\/image\/\",\"url\":\"https:\/\/www.mediacp.net\/wp-content\/uploads\/2016\/09\/logo-1.png\",\"contentUrl\":\"https:\/\/www.mediacp.net\/wp-content\/uploads\/2016\/09\/logo-1.png\",\"width\":460,\"height\":116,\"caption\":\"Media Control Panel\"},\"image\":{\"@id\":\"https:\/\/www.mediacp.net\/es\/#\/schema\/logo\/image\/\"}}]}<\/script>\n<!-- \/ Yoast SEO plugin. -->","yoast_head_json":{"title":"Desarrollo personalizado patrocinado - Media Control Panel","robots":{"index":"index","follow":"follow","max-snippet":"max-snippet:-1","max-image-preview":"max-image-preview:large","max-video-preview":"max-video-preview:-1"},"canonical":"https:\/\/www.mediacp.net\/es\/desarrollo-personalizado-patrocinado\/","og_locale":"es_ES","og_type":"article","og_title":"Desarrollo personalizado patrocinado - Media Control Panel","og_description":"Desarrollo personalizado Nuestro proceso de desarrollo Cada mes seleccionamos una serie de caracter\u00edsticas solicitadas de nuestra junta de Trello para ser incluido la pr\u00f3xima versi\u00f3n principal de la caracter\u00edstica del MediaCP. Seleccionamos caracter\u00edsticas basadas en la popularidad, as\u00ed como consideraciones sobre la evoluci\u00f3n del espacio de transmisi\u00f3n de audio y v\u00eddeo. Hay una larga lista [&hellip;]","og_url":"https:\/\/www.mediacp.net\/es\/desarrollo-personalizado-patrocinado\/","og_site_name":"Media Control Panel","article_modified_time":"2022-10-12T21:54:30+00:00","twitter_card":"summary_large_image","twitter_misc":{"Tiempo de lectura":"1 minuto"},"schema":{"@context":"https:\/\/schema.org","@graph":[{"@type":"WebPage","@id":"https:\/\/www.mediacp.net\/es\/desarrollo-personalizado-patrocinado\/","url":"https:\/\/www.mediacp.net\/es\/desarrollo-personalizado-patrocinado\/","name":"Desarrollo personalizado patrocinado - Media Control Panel","isPartOf":{"@id":"https:\/\/www.mediacp.net\/es\/#website"},"datePublished":"2020-06-04T02:12:10+00:00","dateModified":"2022-10-12T21:54:30+00:00","breadcrumb":{"@id":"https:\/\/www.mediacp.net\/es\/desarrollo-personalizado-patrocinado\/#breadcrumb"},"inLanguage":"es","potentialAction":[{"@type":"ReadAction","target":["https:\/\/www.mediacp.net\/es\/desarrollo-personalizado-patrocinado\/"]}]},{"@type":"BreadcrumbList","@id":"https:\/\/www.mediacp.net\/es\/desarrollo-personalizado-patrocinado\/#breadcrumb","itemListElement":[{"@type":"ListItem","position":1,"name":"Home","item":"https:\/\/www.mediacp.net\/es\/"},{"@type":"ListItem","position":2,"name":"Desarrollo personalizado patrocinado"}]},{"@type":"WebSite","@id":"https:\/\/www.mediacp.net\/es\/#website","url":"https:\/\/www.mediacp.net\/es\/","name":"Media Control Panel","description":"","publisher":{"@id":"https:\/\/www.mediacp.net\/es\/#organization"},"potentialAction":[{"@type":"SearchAction","target":{"@type":"EntryPoint","urlTemplate":"https:\/\/www.mediacp.net\/es\/?s={search_term_string}"},"query-input":{"@type":"PropertyValueSpecification","valueRequired":true,"valueName":"search_term_string"}}],"inLanguage":"es"},{"@type":"Organization","@id":"https:\/\/www.mediacp.net\/es\/#organization","name":"Media Control Panel","url":"https:\/\/www.mediacp.net\/es\/","logo":{"@type":"ImageObject","inLanguage":"es","@id":"https:\/\/www.mediacp.net\/es\/#\/schema\/logo\/image\/","url":"https:\/\/www.mediacp.net\/wp-content\/uploads\/2016\/09\/logo-1.png","contentUrl":"https:\/\/www.mediacp.net\/wp-content\/uploads\/2016\/09\/logo-1.png","width":460,"height":116,"caption":"Media Control Panel"},"image":{"@id":"https:\/\/www.mediacp.net\/es\/#\/schema\/logo\/image\/"}}]}},"_links":{"self":[{"href":"https:\/\/www.mediacp.net\/es\/wp-json\/wp\/v2\/pages\/11211","targetHints":{"allow":["GET"]}}],"collection":[{"href":"https:\/\/www.mediacp.net\/es\/wp-json\/wp\/v2\/pages"}],"about":[{"href":"https:\/\/www.mediacp.net\/es\/wp-json\/wp\/v2\/types\/page"}],"author":[{"embeddable":true,"href":"https:\/\/www.mediacp.net\/es\/wp-json\/wp\/v2\/users\/3"}],"replies":[{"embeddable":true,"href":"https:\/\/www.mediacp.net\/es\/wp-json\/wp\/v2\/comments?post=11211"}],"version-history":[{"count":0,"href":"https:\/\/www.mediacp.net\/es\/wp-json\/wp\/v2\/pages\/11211\/revisions"}],"wp:attachment":[{"href":"https:\/\/www.mediacp.net\/es\/wp-json\/wp\/v2\/media?parent=11211"}],"curies":[{"name":"wp","href":"https:\/\/api.w.org\/{rel}","templated":true}]}}