{"id":7107,"date":"2016-09-19T06:50:55","date_gmt":"2016-09-18T20:50:55","guid":{"rendered":"https:\/\/www.mediacp.net\/appoggiare\/"},"modified":"2020-03-19T16:42:50","modified_gmt":"2020-03-19T05:42:50","slug":"appoggiare","status":"publish","type":"page","link":"https:\/\/www.mediacp.net\/it\/appoggiare\/","title":{"rendered":"appoggiare"},"content":{"rendered":"\t\t<div data-elementor-type=\"wp-post\" data-elementor-id=\"7107\" class=\"elementor elementor-7107 elementor-81\" data-elementor-post-type=\"page\">\n\t\t\t\t\t\t<section class=\"elementor-section elementor-top-section elementor-element elementor-element-777b81f elementor-section-boxed elementor-section-height-default elementor-section-height-default\" data-id=\"777b81f\" data-element_type=\"section\" data-e-type=\"section\" data-settings=\"{&quot;background_background&quot;:&quot;gradient&quot;}\">\n\t\t\t\t\t\t<div class=\"elementor-container elementor-column-gap-default\">\n\t\t\t\t\t<div class=\"elementor-column elementor-col-100 elementor-top-column elementor-element elementor-element-1e5d3c2\" data-id=\"1e5d3c2\" data-element_type=\"column\" data-e-type=\"column\">\n\t\t\t<div class=\"elementor-widget-wrap elementor-element-populated\">\n\t\t\t\t\t\t<div class=\"elementor-element elementor-element-7186163 elementor-widget elementor-widget-heading\" data-id=\"7186163\" data-element_type=\"widget\" data-e-type=\"widget\" data-widget_type=\"heading.default\">\n\t\t\t\t<div class=\"elementor-widget-container\">\n\t\t\t\t\t<h1 class=\"elementor-heading-title elementor-size-default\">Supporto per il prodotto<\/h1>\t\t\t\t<\/div>\n\t\t\t\t<\/div>\n\t\t\t\t<div class=\"elementor-element elementor-element-33f8d0b elementor-widget elementor-widget-text-editor\" data-id=\"33f8d0b\" data-element_type=\"widget\" data-e-type=\"widget\" data-widget_type=\"text-editor.default\">\n\t\t\t\t<div class=\"elementor-widget-container\">\n\t\t\t\t\t\t\t\t\t<p>Hai bisogno di assistenza? Consulta la nostra documentazione e le nostre guide aggiornate. Se sei ancora bloccato, invia un ticket al nostro supporto tecnico.<\/p>\n\t\t\t\t\t\t\t\t<\/div>\n\t\t\t\t<\/div>\n\t\t\t\t\t<\/div>\n\t\t<\/div>\n\t\t\t\t\t<\/div>\n\t\t<\/section>\n\t\t\t\t<section class=\"elementor-section elementor-top-section elementor-element elementor-element-300f349 elementor-section-boxed elementor-section-height-default elementor-section-height-default\" data-id=\"300f349\" data-element_type=\"section\" data-e-type=\"section\">\n\t\t\t\t\t\t<div class=\"elementor-container elementor-column-gap-default\">\n\t\t\t\t\t<div class=\"elementor-column elementor-col-33 elementor-top-column elementor-element elementor-element-d140012\" data-id=\"d140012\" data-element_type=\"column\" data-e-type=\"column\">\n\t\t\t<div class=\"elementor-widget-wrap elementor-element-populated\">\n\t\t\t\t\t\t<div class=\"elementor-element elementor-element-622375f elementor-cta--skin-classic elementor-animated-content elementor-bg-transform elementor-bg-transform-zoom-in elementor-widget elementor-widget-call-to-action\" data-id=\"622375f\" data-element_type=\"widget\" data-e-type=\"widget\" data-widget_type=\"call-to-action.default\">\n\t\t\t\t<div class=\"elementor-widget-container\">\n\t\t\t\t\t\t\t<div class=\"elementor-cta\">\n\t\t\t\t\t\t\t<div class=\"elementor-cta__content\">\n\t\t\t\t\t\t\t\t\t<div class=\"elementor-content-item elementor-cta__content-item elementor-icon-wrapper elementor-cta__icon elementor-view-default\">\n\t\t\t\t\t\t<div class=\"elementor-icon\">\n\t\t\t\t\t\t\t<i aria-hidden=\"true\" class=\"fas fa-question-circle\"><\/i>\t\t\t\t\t\t<\/div>\n\t\t\t\t\t<\/div>\n\t\t\t\t\n\t\t\t\t\t\t\t\t\t<h2 class=\"elementor-cta__title elementor-cta__content-item elementor-content-item\">\n\t\t\t\t\t\tFrequenti<br>Domande\t\t\t\t\t<\/h2>\n\t\t\t\t\n\t\t\t\t\t\t\t\t\t<div class=\"elementor-cta__description elementor-cta__content-item elementor-content-item\">\n\t\t\t\t\t\t<p>I nostri F.A.Q contiene domande frequenti relative a Vendite, Fatturazione, Licenze, Streaming Audio, Streaming video e Amministrazione.<\/p>\n<p><\/p>\n\t\t\t\t\t<\/div>\n\t\t\t\t\n\t\t\t\t\t\t\t\t\t<div class=\"elementor-cta__button-wrapper elementor-cta__content-item elementor-content-item \">\n\t\t\t\t\t<a class=\"elementor-cta__button elementor-button elementor-size-\" href=\"\/?p=5679\">\n\t\t\t\t\t\tVisualizza F.A.Qs\t\t\t\t\t<\/a>\n\t\t\t\t\t<\/div>\n\t\t\t\t\t\t\t<\/div>\n\t\t\t\t\t\t<\/div>\n\t\t\t\t\t\t<\/div>\n\t\t\t\t<\/div>\n\t\t\t\t\t<\/div>\n\t\t<\/div>\n\t\t\t\t<div class=\"elementor-column elementor-col-33 elementor-top-column elementor-element elementor-element-4b9f002\" data-id=\"4b9f002\" data-element_type=\"column\" data-e-type=\"column\">\n\t\t\t<div class=\"elementor-widget-wrap elementor-element-populated\">\n\t\t\t\t\t\t<div class=\"elementor-element elementor-element-ec432a0 elementor-cta--skin-classic elementor-animated-content elementor-bg-transform elementor-bg-transform-zoom-in elementor-widget elementor-widget-call-to-action\" data-id=\"ec432a0\" data-element_type=\"widget\" data-e-type=\"widget\" data-widget_type=\"call-to-action.default\">\n\t\t\t\t<div class=\"elementor-widget-container\">\n\t\t\t\t\t\t\t<div class=\"elementor-cta\">\n\t\t\t\t\t\t\t<div class=\"elementor-cta__content\">\n\t\t\t\t\t\t\t\t\t<div class=\"elementor-content-item elementor-cta__content-item elementor-icon-wrapper elementor-cta__icon elementor-view-default\">\n\t\t\t\t\t\t<div class=\"elementor-icon\">\n\t\t\t\t\t\t\t<i aria-hidden=\"true\" class=\"fas fa-book\"><\/i>\t\t\t\t\t\t<\/div>\n\t\t\t\t\t<\/div>\n\t\t\t\t\n\t\t\t\t\t\t\t\t\t<h2 class=\"elementor-cta__title elementor-cta__content-item elementor-content-item\">\n\t\t\t\t\t\tOnline<br>documentazione f\t\t\t\t\t<\/h2>\n\t\t\t\t\n\t\t\t\t\t\t\t\t\t<div class=\"elementor-cta__description elementor-cta__content-item elementor-content-item\">\n\t\t\t\t\t\t<p>La nostra documentazione contiene utili articoli, guide e dettagli su come installare, configurare, eseguire il backup\/ripristino e utilizzare MediaCP.<\/p>\n<p><\/p>\n\t\t\t\t\t<\/div>\n\t\t\t\t\n\t\t\t\t\t\t\t\t\t<div class=\"elementor-cta__button-wrapper elementor-cta__content-item elementor-content-item \">\n\t\t\t\t\t<a class=\"elementor-cta__button elementor-button elementor-size-\" href=\"https:\/\/www.mediacp.net\/it\/documentazione-f\/\">\n\t\t\t\t\t\tVisualizza la documentazione\t\t\t\t\t<\/a>\n\t\t\t\t\t<\/div>\n\t\t\t\t\t\t\t<\/div>\n\t\t\t\t\t\t<\/div>\n\t\t\t\t\t\t<\/div>\n\t\t\t\t<\/div>\n\t\t\t\t\t<\/div>\n\t\t<\/div>\n\t\t\t\t<div class=\"elementor-column elementor-col-33 elementor-top-column elementor-element elementor-element-afbdb69\" data-id=\"afbdb69\" data-element_type=\"column\" data-e-type=\"column\">\n\t\t\t<div class=\"elementor-widget-wrap elementor-element-populated\">\n\t\t\t\t\t\t<div class=\"elementor-element elementor-element-9cc13fb elementor-cta--skin-classic elementor-animated-content elementor-bg-transform elementor-bg-transform-zoom-in elementor-widget elementor-widget-call-to-action\" data-id=\"9cc13fb\" data-element_type=\"widget\" data-e-type=\"widget\" data-widget_type=\"call-to-action.default\">\n\t\t\t\t<div class=\"elementor-widget-container\">\n\t\t\t\t\t\t\t<div class=\"elementor-cta\">\n\t\t\t\t\t\t\t<div class=\"elementor-cta__content\">\n\t\t\t\t\t\t\t\t\t<div class=\"elementor-content-item elementor-cta__content-item elementor-icon-wrapper elementor-cta__icon elementor-view-default\">\n\t\t\t\t\t\t<div class=\"elementor-icon\">\n\t\t\t\t\t\t\t<i aria-hidden=\"true\" class=\"fas fa-headphones\"><\/i>\t\t\t\t\t\t<\/div>\n\t\t\t\t\t<\/div>\n\t\t\t\t\n\t\t\t\t\t\t\t\t\t<h2 class=\"elementor-cta__title elementor-cta__content-item elementor-content-item\">\n\t\t\t\t\t\tInvia un<br>Biglietto di supporto\t\t\t\t\t<\/h2>\n\t\t\t\t\n\t\t\t\t\t\t\t\t\t<div class=\"elementor-cta__description elementor-cta__content-item elementor-content-item\">\n\t\t\t\t\t\t<p>Il nostro helpdesk \u00e8 disponibile dalle 9:00 alle 17:00 dal luned\u00ec al venerd\u00ec AEST. Siamo chiusi nei fine settimana e nei giorni festivi australiani.<br \/>Il nostro personale risponder\u00e0 entro il prossimo giorno lavorativo.<\/p>\n\t\t\t\t\t<\/div>\n\t\t\t\t\n\t\t\t\t\t\t\t\t\t<div class=\"elementor-cta__button-wrapper elementor-cta__content-item elementor-content-item \">\n\t\t\t\t\t<a class=\"elementor-cta__button elementor-button elementor-size-\" href=\"https:\/\/www.mediacp.net\/portal\/submitticket.php?step=2&#038;deptid=1https:\/\/www.mediacp.net\/portal\/submitticket.php?step=2&#038;deptid=1\">\n\t\t\t\t\t\tBiglietto di supporto aperto\t\t\t\t\t<\/a>\n\t\t\t\t\t<\/div>\n\t\t\t\t\t\t\t<\/div>\n\t\t\t\t\t\t<\/div>\n\t\t\t\t\t\t<\/div>\n\t\t\t\t<\/div>\n\t\t\t\t\t<\/div>\n\t\t<\/div>\n\t\t\t\t\t<\/div>\n\t\t<\/section>\n\t\t\t\t<section class=\"elementor-section elementor-top-section elementor-element elementor-element-82c66e6 elementor-section-boxed elementor-section-height-default elementor-section-height-default\" data-id=\"82c66e6\" data-element_type=\"section\" data-e-type=\"section\">\n\t\t\t\t\t\t<div class=\"elementor-container elementor-column-gap-default\">\n\t\t\t\t\t<div class=\"elementor-column elementor-col-100 elementor-top-column elementor-element elementor-element-01425d3\" data-id=\"01425d3\" data-element_type=\"column\" data-e-type=\"column\">\n\t\t\t<div class=\"elementor-widget-wrap elementor-element-populated\">\n\t\t\t\t\t\t<div class=\"elementor-element elementor-element-b37d4c8 elementor-cta--skin-classic elementor-animated-content elementor-bg-transform elementor-bg-transform-zoom-in elementor-widget elementor-widget-call-to-action\" data-id=\"b37d4c8\" data-element_type=\"widget\" data-e-type=\"widget\" data-widget_type=\"call-to-action.default\">\n\t\t\t\t<div class=\"elementor-widget-container\">\n\t\t\t\t\t\t\t<div class=\"elementor-cta\">\n\t\t\t\t\t\t\t<div class=\"elementor-cta__content\">\n\t\t\t\t\t\t\t\t\t<div class=\"elementor-content-item elementor-cta__content-item elementor-icon-wrapper elementor-cta__icon elementor-view-default\">\n\t\t\t\t\t\t<div class=\"elementor-icon\">\n\t\t\t\t\t\t\t<i aria-hidden=\"true\" class=\"fas fa-star\"><\/i>\t\t\t\t\t\t<\/div>\n\t\t\t\t\t<\/div>\n\t\t\t\t\n\t\t\t\t\t\t\t\t\t<h2 class=\"elementor-cta__title elementor-cta__content-item elementor-content-item\">\n\t\t\t\t\t\tSupporto esteso\t\t\t\t\t<\/h2>\n\t\t\t\t\n\t\t\t\t\t\t\t\t\t<div class=\"elementor-cta__description elementor-cta__content-item elementor-content-item\">\n\t\t\t\t\t\t<p>I nostri piani di supporto estesi offrono un servizio rapido con tempi di risposta garantiti e servizi gratuiti di installazione e aggiornamento.<\/p>\n\t\t\t\t\t<\/div>\n\t\t\t\t\n\t\t\t\t\t\t\t\t\t<div class=\"elementor-cta__button-wrapper elementor-cta__content-item elementor-content-item \">\n\t\t\t\t\t<a class=\"elementor-cta__button elementor-button elementor-size-\" href=\"https:\/\/www.mediacp.net\/it\/piani-di-supporto\/\">\n\t\t\t\t\t\tVisualizza piani di supporto estesi\t\t\t\t\t<\/a>\n\t\t\t\t\t<\/div>\n\t\t\t\t\t\t\t<\/div>\n\t\t\t\t\t\t<\/div>\n\t\t\t\t\t\t<\/div>\n\t\t\t\t<\/div>\n\t\t\t\t\t<\/div>\n\t\t<\/div>\n\t\t\t\t\t<\/div>\n\t\t<\/section>\n\t\t\t\t<\/div>\n\t\t","protected":false},"excerpt":{"rendered":"<p>Supporto per il prodotto Hai bisogno di assistenza? Consulta la nostra documentazione e le nostre guide aggiornate. Se sei ancora bloccato, invia un ticket al nostro supporto tecnico. FrequentiDomande I nostri F.A.Q contiene domande frequenti relative a Vendite, Fatturazione, Licenze, Streaming Audio, Streaming video e Amministrazione. Visualizza F.A.Qs Onlinedocumentazione f La nostra documentazione contiene utili [&hellip;]<\/p>\n","protected":false},"author":3,"featured_media":0,"parent":0,"menu_order":0,"comment_status":"closed","ping_status":"closed","template":"","meta":{"_acf_changed":false,"_monsterinsights_skip_tracking":false,"_monsterinsights_sitenote_active":false,"_monsterinsights_sitenote_note":"","_monsterinsights_sitenote_category":0,"footnotes":""},"class_list":["post-7107","page","type-page","status-publish","hentry"],"acf":[],"yoast_head":"<!-- This site is optimized with the Yoast SEO plugin v26.6 - https:\/\/yoast.com\/wordpress\/plugins\/seo\/ -->\n<title>appoggiare - Media Control Panel<\/title>\n<meta name=\"robots\" content=\"index, follow, max-snippet:-1, max-image-preview:large, max-video-preview:-1\" \/>\n<link rel=\"canonical\" href=\"https:\/\/www.mediacp.net\/it\/appoggiare\/\" \/>\n<meta property=\"og:locale\" content=\"it_IT\" \/>\n<meta property=\"og:type\" content=\"article\" \/>\n<meta property=\"og:title\" content=\"appoggiare - Media Control Panel\" \/>\n<meta property=\"og:description\" content=\"Supporto per il prodotto Hai bisogno di assistenza? Consulta la nostra documentazione e le nostre guide aggiornate. Se sei ancora bloccato, invia un ticket al nostro supporto tecnico. FrequentiDomande I nostri F.A.Q contiene domande frequenti relative a Vendite, Fatturazione, Licenze, Streaming Audio, Streaming video e Amministrazione. Visualizza F.A.Qs Onlinedocumentazione f La nostra documentazione contiene utili [&hellip;]\" \/>\n<meta property=\"og:url\" content=\"https:\/\/www.mediacp.net\/it\/appoggiare\/\" \/>\n<meta property=\"og:site_name\" content=\"Media Control Panel\" \/>\n<meta property=\"article:modified_time\" content=\"2020-03-19T05:42:50+00:00\" \/>\n<meta name=\"twitter:card\" content=\"summary_large_image\" \/>\n<meta name=\"twitter:label1\" content=\"Tempo di lettura stimato\" \/>\n\t<meta name=\"twitter:data1\" content=\"1 minuto\" \/>\n<script type=\"application\/ld+json\" class=\"yoast-schema-graph\">{\"@context\":\"https:\/\/schema.org\",\"@graph\":[{\"@type\":\"WebPage\",\"@id\":\"https:\/\/www.mediacp.net\/it\/appoggiare\/\",\"url\":\"https:\/\/www.mediacp.net\/it\/appoggiare\/\",\"name\":\"appoggiare - Media Control Panel\",\"isPartOf\":{\"@id\":\"https:\/\/www.mediacp.net\/it\/#website\"},\"datePublished\":\"2016-09-18T20:50:55+00:00\",\"dateModified\":\"2020-03-19T05:42:50+00:00\",\"breadcrumb\":{\"@id\":\"https:\/\/www.mediacp.net\/it\/appoggiare\/#breadcrumb\"},\"inLanguage\":\"it-IT\",\"potentialAction\":[{\"@type\":\"ReadAction\",\"target\":[\"https:\/\/www.mediacp.net\/it\/appoggiare\/\"]}]},{\"@type\":\"BreadcrumbList\",\"@id\":\"https:\/\/www.mediacp.net\/it\/appoggiare\/#breadcrumb\",\"itemListElement\":[{\"@type\":\"ListItem\",\"position\":1,\"name\":\"Home\",\"item\":\"https:\/\/www.mediacp.net\/it\/\"},{\"@type\":\"ListItem\",\"position\":2,\"name\":\"appoggiare\"}]},{\"@type\":\"WebSite\",\"@id\":\"https:\/\/www.mediacp.net\/it\/#website\",\"url\":\"https:\/\/www.mediacp.net\/it\/\",\"name\":\"Media Control Panel\",\"description\":\"\",\"publisher\":{\"@id\":\"https:\/\/www.mediacp.net\/it\/#organization\"},\"potentialAction\":[{\"@type\":\"SearchAction\",\"target\":{\"@type\":\"EntryPoint\",\"urlTemplate\":\"https:\/\/www.mediacp.net\/it\/?s={search_term_string}\"},\"query-input\":{\"@type\":\"PropertyValueSpecification\",\"valueRequired\":true,\"valueName\":\"search_term_string\"}}],\"inLanguage\":\"it-IT\"},{\"@type\":\"Organization\",\"@id\":\"https:\/\/www.mediacp.net\/it\/#organization\",\"name\":\"Media Control Panel\",\"url\":\"https:\/\/www.mediacp.net\/it\/\",\"logo\":{\"@type\":\"ImageObject\",\"inLanguage\":\"it-IT\",\"@id\":\"https:\/\/www.mediacp.net\/it\/#\/schema\/logo\/image\/\",\"url\":\"https:\/\/www.mediacp.net\/wp-content\/uploads\/2016\/09\/logo-1.png\",\"contentUrl\":\"https:\/\/www.mediacp.net\/wp-content\/uploads\/2016\/09\/logo-1.png\",\"width\":460,\"height\":116,\"caption\":\"Media Control Panel\"},\"image\":{\"@id\":\"https:\/\/www.mediacp.net\/it\/#\/schema\/logo\/image\/\"}}]}<\/script>\n<!-- \/ Yoast SEO plugin. -->","yoast_head_json":{"title":"appoggiare - Media Control Panel","robots":{"index":"index","follow":"follow","max-snippet":"max-snippet:-1","max-image-preview":"max-image-preview:large","max-video-preview":"max-video-preview:-1"},"canonical":"https:\/\/www.mediacp.net\/it\/appoggiare\/","og_locale":"it_IT","og_type":"article","og_title":"appoggiare - Media Control Panel","og_description":"Supporto per il prodotto Hai bisogno di assistenza? Consulta la nostra documentazione e le nostre guide aggiornate. Se sei ancora bloccato, invia un ticket al nostro supporto tecnico. FrequentiDomande I nostri F.A.Q contiene domande frequenti relative a Vendite, Fatturazione, Licenze, Streaming Audio, Streaming video e Amministrazione. Visualizza F.A.Qs Onlinedocumentazione f La nostra documentazione contiene utili [&hellip;]","og_url":"https:\/\/www.mediacp.net\/it\/appoggiare\/","og_site_name":"Media Control Panel","article_modified_time":"2020-03-19T05:42:50+00:00","twitter_card":"summary_large_image","twitter_misc":{"Tempo di lettura stimato":"1 minuto"},"schema":{"@context":"https:\/\/schema.org","@graph":[{"@type":"WebPage","@id":"https:\/\/www.mediacp.net\/it\/appoggiare\/","url":"https:\/\/www.mediacp.net\/it\/appoggiare\/","name":"appoggiare - Media Control Panel","isPartOf":{"@id":"https:\/\/www.mediacp.net\/it\/#website"},"datePublished":"2016-09-18T20:50:55+00:00","dateModified":"2020-03-19T05:42:50+00:00","breadcrumb":{"@id":"https:\/\/www.mediacp.net\/it\/appoggiare\/#breadcrumb"},"inLanguage":"it-IT","potentialAction":[{"@type":"ReadAction","target":["https:\/\/www.mediacp.net\/it\/appoggiare\/"]}]},{"@type":"BreadcrumbList","@id":"https:\/\/www.mediacp.net\/it\/appoggiare\/#breadcrumb","itemListElement":[{"@type":"ListItem","position":1,"name":"Home","item":"https:\/\/www.mediacp.net\/it\/"},{"@type":"ListItem","position":2,"name":"appoggiare"}]},{"@type":"WebSite","@id":"https:\/\/www.mediacp.net\/it\/#website","url":"https:\/\/www.mediacp.net\/it\/","name":"Media Control Panel","description":"","publisher":{"@id":"https:\/\/www.mediacp.net\/it\/#organization"},"potentialAction":[{"@type":"SearchAction","target":{"@type":"EntryPoint","urlTemplate":"https:\/\/www.mediacp.net\/it\/?s={search_term_string}"},"query-input":{"@type":"PropertyValueSpecification","valueRequired":true,"valueName":"search_term_string"}}],"inLanguage":"it-IT"},{"@type":"Organization","@id":"https:\/\/www.mediacp.net\/it\/#organization","name":"Media Control Panel","url":"https:\/\/www.mediacp.net\/it\/","logo":{"@type":"ImageObject","inLanguage":"it-IT","@id":"https:\/\/www.mediacp.net\/it\/#\/schema\/logo\/image\/","url":"https:\/\/www.mediacp.net\/wp-content\/uploads\/2016\/09\/logo-1.png","contentUrl":"https:\/\/www.mediacp.net\/wp-content\/uploads\/2016\/09\/logo-1.png","width":460,"height":116,"caption":"Media Control Panel"},"image":{"@id":"https:\/\/www.mediacp.net\/it\/#\/schema\/logo\/image\/"}}]}},"_links":{"self":[{"href":"https:\/\/www.mediacp.net\/it\/wp-json\/wp\/v2\/pages\/7107","targetHints":{"allow":["GET"]}}],"collection":[{"href":"https:\/\/www.mediacp.net\/it\/wp-json\/wp\/v2\/pages"}],"about":[{"href":"https:\/\/www.mediacp.net\/it\/wp-json\/wp\/v2\/types\/page"}],"author":[{"embeddable":true,"href":"https:\/\/www.mediacp.net\/it\/wp-json\/wp\/v2\/users\/3"}],"replies":[{"embeddable":true,"href":"https:\/\/www.mediacp.net\/it\/wp-json\/wp\/v2\/comments?post=7107"}],"version-history":[{"count":0,"href":"https:\/\/www.mediacp.net\/it\/wp-json\/wp\/v2\/pages\/7107\/revisions"}],"wp:attachment":[{"href":"https:\/\/www.mediacp.net\/it\/wp-json\/wp\/v2\/media?parent=7107"}],"curies":[{"name":"wp","href":"https:\/\/api.w.org\/{rel}","templated":true}]}}