{"id":11212,"date":"2020-06-04T12:12:10","date_gmt":"2020-06-04T02:12:10","guid":{"rendered":"https:\/\/www.mediacp.net\/desenvolvimento-personalizado-patrocinado\/"},"modified":"2022-10-13T08:54:28","modified_gmt":"2022-10-12T21:54:28","slug":"desenvolvimento-personalizado-patrocinado","status":"publish","type":"page","link":"https:\/\/www.mediacp.net\/pt-br\/desenvolvimento-personalizado-patrocinado\/","title":{"rendered":"Desenvolvimento personalizado patrocinado"},"content":{"rendered":"\t\t<div data-elementor-type=\"wp-post\" data-elementor-id=\"11212\" class=\"elementor elementor-11212 elementor-8163\" data-elementor-post-type=\"page\">\n\t\t\t\t\t\t<section class=\"elementor-section elementor-top-section elementor-element elementor-element-4dc8c84 elementor-section-boxed elementor-section-height-default elementor-section-height-default\" data-id=\"4dc8c84\" data-element_type=\"section\" data-e-type=\"section\" data-settings=\"{&quot;background_background&quot;:&quot;gradient&quot;}\">\n\t\t\t\t\t\t<div class=\"elementor-container elementor-column-gap-default\">\n\t\t\t\t\t<div class=\"elementor-column elementor-col-100 elementor-top-column elementor-element elementor-element-6f81e8c\" data-id=\"6f81e8c\" data-element_type=\"column\" data-e-type=\"column\">\n\t\t\t<div class=\"elementor-widget-wrap elementor-element-populated\">\n\t\t\t\t\t\t<div class=\"elementor-element elementor-element-1ee3627 elementor-widget elementor-widget-heading\" data-id=\"1ee3627\" data-element_type=\"widget\" data-e-type=\"widget\" data-widget_type=\"heading.default\">\n\t\t\t\t<div class=\"elementor-widget-container\">\n\t\t\t\t\t<h1 class=\"elementor-heading-title elementor-size-default\">Desenvolvimento personalizado<\/h1>\t\t\t\t<\/div>\n\t\t\t\t<\/div>\n\t\t\t\t\t<\/div>\n\t\t<\/div>\n\t\t\t\t\t<\/div>\n\t\t<\/section>\n\t\t\t\t<section class=\"elementor-section elementor-top-section elementor-element elementor-element-c36b738 elementor-section-boxed elementor-section-height-default elementor-section-height-default\" data-id=\"c36b738\" data-element_type=\"section\" data-e-type=\"section\" data-settings=\"{&quot;background_background&quot;:&quot;classic&quot;,&quot;shape_divider_top&quot;:&quot;mountains&quot;}\">\n\t\t\t\t\t<div class=\"elementor-shape elementor-shape-top\" aria-hidden=\"true\" data-negative=\"false\">\n\t\t\t<svg xmlns=\"http:\/\/www.w3.org\/2000\/svg\" viewBox=\"0 0 1000 100\" preserveAspectRatio=\"none\">\n\t<path class=\"elementor-shape-fill\" opacity=\"0.33\" d=\"M473,67.3c-203.9,88.3-263.1-34-320.3,0C66,119.1,0,59.7,0,59.7V0h1000v59.7 c0,0-62.1,26.1-94.9,29.3c-32.8,3.3-62.8-12.3-75.8-22.1C806,49.6,745.3,8.7,694.9,4.7S492.4,59,473,67.3z\"\/>\n\t<path class=\"elementor-shape-fill\" opacity=\"0.66\" d=\"M734,67.3c-45.5,0-77.2-23.2-129.1-39.1c-28.6-8.7-150.3-10.1-254,39.1 s-91.7-34.4-149.2,0C115.7,118.3,0,39.8,0,39.8V0h1000v36.5c0,0-28.2-18.5-92.1-18.5C810.2,18.1,775.7,67.3,734,67.3z\"\/>\n\t<path class=\"elementor-shape-fill\" d=\"M766.1,28.9c-200-57.5-266,65.5-395.1,19.5C242,1.8,242,5.4,184.8,20.6C128,35.8,132.3,44.9,89.9,52.5C28.6,63.7,0,0,0,0 h1000c0,0-9.9,40.9-83.6,48.1S829.6,47,766.1,28.9z\"\/>\n<\/svg>\t\t<\/div>\n\t\t\t\t\t<div class=\"elementor-container elementor-column-gap-default\">\n\t\t\t\t\t<div class=\"elementor-column elementor-col-100 elementor-top-column elementor-element elementor-element-2eb7493\" data-id=\"2eb7493\" data-element_type=\"column\" data-e-type=\"column\">\n\t\t\t<div class=\"elementor-widget-wrap elementor-element-populated\">\n\t\t\t\t\t\t<div class=\"elementor-element elementor-element-0de699c elementor-widget elementor-widget-heading\" data-id=\"0de699c\" data-element_type=\"widget\" data-e-type=\"widget\" data-widget_type=\"heading.default\">\n\t\t\t\t<div class=\"elementor-widget-container\">\n\t\t\t\t\t<h2 class=\"elementor-heading-title elementor-size-large\">Nosso processo de desenvolvimento<\/h2>\t\t\t\t<\/div>\n\t\t\t\t<\/div>\n\t\t\t\t\t<\/div>\n\t\t<\/div>\n\t\t\t\t\t<\/div>\n\t\t<\/section>\n\t\t\t\t<section class=\"elementor-section elementor-top-section elementor-element elementor-element-1a5f837 elementor-section-boxed elementor-section-height-default elementor-section-height-default\" data-id=\"1a5f837\" data-element_type=\"section\" data-e-type=\"section\">\n\t\t\t\t\t\t<div class=\"elementor-container elementor-column-gap-default\">\n\t\t\t\t\t<div class=\"elementor-column elementor-col-100 elementor-top-column elementor-element elementor-element-919a49b\" data-id=\"919a49b\" data-element_type=\"column\" data-e-type=\"column\">\n\t\t\t<div class=\"elementor-widget-wrap elementor-element-populated\">\n\t\t\t\t\t\t<div class=\"elementor-element elementor-element-0a4c004 elementor-widget elementor-widget-text-editor\" data-id=\"0a4c004\" data-element_type=\"widget\" data-e-type=\"widget\" data-widget_type=\"text-editor.default\">\n\t\t\t\t<div class=\"elementor-widget-container\">\n\t\t\t\t\t\t\t\t\t<p style=\"text-align: center;\"><strong style=\"font-size: 1rem;\">A cada m\u00eas selecionamos uma s\u00e9rie de <\/strong>recursos solicitados <a style=\"background-color: #ffffff; font-size: 1rem;\" href=\"https:\/\/trello.com\/b\/GTMcs1Op\/mediacp-features\" target=\"_blank\" rel=\"noopener\">do nosso conselho do Trello<\/a><strong style=\"font-size: 1rem;\">  para ser inclu\u00eddo o pr\u00f3ximo grande lan\u00e7amento de recurso do MediaCP. Selecionamos recursos baseados na popularidade, bem como considera\u00e7\u00f5es para a evolu\u00e7\u00e3o do espa\u00e7o de streaming de \u00e1udio e v\u00eddeo.<\/strong><\/p>\n<p style=\"text-align: center;\">H\u00e1 uma longa lista de solicita\u00e7\u00f5es de recursos e, como tal, n\u00e3o h\u00e1 um prazo previsto para esses itens.<\/p>\n\t\t\t\t\t\t\t\t<\/div>\n\t\t\t\t<\/div>\n\t\t\t\t<div class=\"elementor-element elementor-element-62cd177 elementor-widget elementor-widget-heading\" data-id=\"62cd177\" data-element_type=\"widget\" data-e-type=\"widget\" data-widget_type=\"heading.default\">\n\t\t\t\t<div class=\"elementor-widget-container\">\n\t\t\t\t\t<h2 class=\"elementor-heading-title elementor-size-large\">Acelere sua solicita\u00e7\u00e3o<\/h2>\t\t\t\t<\/div>\n\t\t\t\t<\/div>\n\t\t\t\t<div class=\"elementor-element elementor-element-d001a43 elementor-widget elementor-widget-text-editor\" data-id=\"d001a43\" data-element_type=\"widget\" data-e-type=\"widget\" data-widget_type=\"text-editor.default\">\n\t\t\t\t<div class=\"elementor-widget-container\">\n\t\t\t\t\t\t\t\t\t<p style=\"text-align: center;\"><strong><span style=\"font-size: 1rem;\">Nossa equipe de desenvolvimento \u00e9 capaz de trabalhar diretamente com sua empresa para acelerar sua solicita\u00e7\u00e3o se acreditarmos que a solicita\u00e7\u00e3o est\u00e1 em linha com os valores do nosso produto.<\/span><\/strong><\/p>\n\t\t\t\t\t\t\t\t<\/div>\n\t\t\t\t<\/div>\n\t\t\t\t\t<\/div>\n\t\t<\/div>\n\t\t\t\t\t<\/div>\n\t\t<\/section>\n\t\t\t\t<section class=\"elementor-section elementor-top-section elementor-element elementor-element-93c8430 elementor-section-boxed elementor-section-height-default elementor-section-height-default\" data-id=\"93c8430\" data-element_type=\"section\" data-e-type=\"section\">\n\t\t\t\t\t\t<div class=\"elementor-container elementor-column-gap-default\">\n\t\t\t\t\t<div class=\"elementor-column elementor-col-50 elementor-top-column elementor-element elementor-element-de37420\" data-id=\"de37420\" data-element_type=\"column\" data-e-type=\"column\">\n\t\t\t<div class=\"elementor-widget-wrap elementor-element-populated\">\n\t\t\t\t\t\t<div class=\"elementor-element elementor-element-4e8b181 elementor-widget elementor-widget-html\" data-id=\"4e8b181\" data-element_type=\"widget\" data-e-type=\"widget\" data-widget_type=\"html.default\">\n\t\t\t\t<div class=\"elementor-widget-container\">\n\t\t\t\t\t<table style=\"max-width: 450px;margin: auto;\">\n    <tr>\n        <th width=\"250\">Tipo de altera\u00e7\u00e3o<\/th>\n        <th width=\"100\">custar<\/th>\n    <\/tr>\n    <tr>\n        <td>Ammendment menor<\/td>\n        <td>US$ 150<\/td>\n    <\/tr>\n    <tr>\n        <td>Pequenas \/ Moderadas Altera\u00e7\u00f5es<\/td>\n        <td>US$ 350<\/td>\n    <\/tr>\n    <tr>\n        <td>Todas as outras mudan\u00e7as<\/td>\n        <td>\n            <a href=\"https:\/\/www.mediacp.net\/portal\/submitticket.php?step=2&amp;deptid=1\">Fale conosco<\/a>\n            <\/td>\n    <\/tr>\n<\/table>\t\t\t\t<\/div>\n\t\t\t\t<\/div>\n\t\t\t\t\t<\/div>\n\t\t<\/div>\n\t\t\t\t<div class=\"elementor-column elementor-col-50 elementor-top-column elementor-element elementor-element-acdff9d\" data-id=\"acdff9d\" data-element_type=\"column\" data-e-type=\"column\">\n\t\t\t<div class=\"elementor-widget-wrap elementor-element-populated\">\n\t\t\t\t\t\t<div class=\"elementor-element elementor-element-7fca743 elementor-widget elementor-widget-text-editor\" data-id=\"7fca743\" data-element_type=\"widget\" data-e-type=\"widget\" data-widget_type=\"text-editor.default\">\n\t\t\t\t<div class=\"elementor-widget-container\">\n\t\t\t\t\t\t\t\t\t<p style=\"text-align: center;\"><strong><span style=\"font-size: 1rem;\">Todas as solicita\u00e7\u00f5es r\u00e1pidas incluem:<\/span><\/strong><\/p>\n<ul>\n<li>Instala\u00e7\u00e3o de altera\u00e7\u00f5es no MediaCP assim que for conclu\u00edda.<\/li>\n<li>Solu\u00e7\u00e3o priorit\u00e1ria de problemas de quaisquer quest\u00f5es relacionadas \u00e0 mudan\u00e7a.<\/li>\n<\/ul>\n\t\t\t\t\t\t\t\t<\/div>\n\t\t\t\t<\/div>\n\t\t\t\t\t<\/div>\n\t\t<\/div>\n\t\t\t\t\t<\/div>\n\t\t<\/section>\n\t\t\t\t<section class=\"elementor-section elementor-top-section elementor-element elementor-element-3e139ff elementor-section-boxed elementor-section-height-default elementor-section-height-default\" data-id=\"3e139ff\" data-element_type=\"section\" data-e-type=\"section\" data-settings=\"{&quot;background_background&quot;:&quot;classic&quot;}\">\n\t\t\t\t\t\t<div class=\"elementor-container elementor-column-gap-default\">\n\t\t\t\t\t<div class=\"elementor-column elementor-col-100 elementor-top-column elementor-element elementor-element-22dd5c6\" data-id=\"22dd5c6\" data-element_type=\"column\" data-e-type=\"column\">\n\t\t\t<div class=\"elementor-widget-wrap elementor-element-populated\">\n\t\t\t\t\t\t<div class=\"elementor-element elementor-element-600ad5a elementor-widget elementor-widget-text-editor\" data-id=\"600ad5a\" data-element_type=\"widget\" data-e-type=\"widget\" data-widget_type=\"text-editor.default\">\n\t\t\t\t<div class=\"elementor-widget-container\">\n\t\t\t\t\t\t\t\t\t<p style=\"text-align: center;\"><strong><span style=\"font-size: 1rem;\">Termos e Condi\u00e7\u00f5es<\/span><\/strong><\/p>\n<p style=\"text-align: center;\"><span style=\"font-size: 1rem;\">Todas as altera\u00e7\u00f5es de desenvolvimento acordadas ser\u00e3o implantadas diretamente no MediaCP assim que a altera\u00e7\u00e3o for conclu\u00edda.<\/span><\/p>\n<p style=\"text-align: center;\"><span style=\"font-size: 1rem;\">Pequenas e pequenas altera\u00e7\u00f5es ser\u00e3o inclu\u00eddas na pr\u00f3xima vers\u00e3o atual do software e mudan\u00e7as maiores ser\u00e3o publicadas para a pr\u00f3xima vers\u00e3o principal.<\/span><\/p>\n<p style=\"text-align: center;\">Outras altera\u00e7\u00f5es na sua solicita\u00e7\u00e3o incorrer\u00e3o em custos adicionais.<\/p>\n<p style=\"text-align: center;\">Nem todos os pedidos ser\u00e3o aprovados.<\/p>\n<p style=\"text-align: center;\">Se sua solicita\u00e7\u00e3o estiver sendo implementada como parte de um processo de onboarding como um novo cliente, ent\u00e3o o valor da solicita\u00e7\u00e3o de altera\u00e7\u00e3o n\u00e3o \u00e9 reembols\u00e1vel.<\/p>\n\t\t\t\t\t\t\t\t<\/div>\n\t\t\t\t<\/div>\n\t\t\t\t\t<\/div>\n\t\t<\/div>\n\t\t\t\t\t<\/div>\n\t\t<\/section>\n\t\t\t\t<section class=\"elementor-section elementor-top-section elementor-element elementor-element-308073e elementor-section-boxed elementor-section-height-default elementor-section-height-default\" data-id=\"308073e\" data-element_type=\"section\" data-e-type=\"section\" data-settings=\"{&quot;background_background&quot;:&quot;classic&quot;}\">\n\t\t\t\t\t\t<div class=\"elementor-container elementor-column-gap-default\">\n\t\t\t\t\t<div class=\"elementor-column elementor-col-100 elementor-top-column elementor-element elementor-element-5671890\" data-id=\"5671890\" data-element_type=\"column\" data-e-type=\"column\">\n\t\t\t<div class=\"elementor-widget-wrap elementor-element-populated\">\n\t\t\t\t\t\t<div class=\"elementor-element elementor-element-92abd8f elementor-widget elementor-widget-heading\" data-id=\"92abd8f\" data-element_type=\"widget\" data-e-type=\"widget\" data-widget_type=\"heading.default\">\n\t\t\t\t<div class=\"elementor-widget-container\">\n\t\t\t\t\t<h2 class=\"elementor-heading-title elementor-size-large\">Pronto para apresentar um pedido?<\/h2>\t\t\t\t<\/div>\n\t\t\t\t<\/div>\n\t\t\t\t<div class=\"elementor-element elementor-element-bb0b998 elementor-align-center elementor-widget elementor-widget-button\" data-id=\"bb0b998\" data-element_type=\"widget\" data-e-type=\"widget\" data-widget_type=\"button.default\">\n\t\t\t\t<div class=\"elementor-widget-container\">\n\t\t\t\t\t\t\t\t\t<div class=\"elementor-button-wrapper\">\n\t\t\t\t\t<a class=\"elementor-button elementor-button-link elementor-size-sm\" href=\"https:\/\/www.mediacp.net\/portal\/submitticket.php\">\n\t\t\t\t\t\t<span class=\"elementor-button-content-wrapper\">\n\t\t\t\t\t\t\t\t\t<span class=\"elementor-button-text\">Fale conosco<\/span>\n\t\t\t\t\t<\/span>\n\t\t\t\t\t<\/a>\n\t\t\t\t<\/div>\n\t\t\t\t\t\t\t\t<\/div>\n\t\t\t\t<\/div>\n\t\t\t\t\t<\/div>\n\t\t<\/div>\n\t\t\t\t\t<\/div>\n\t\t<\/section>\n\t\t\t\t<\/div>\n\t\t","protected":false},"excerpt":{"rendered":"<p>Desenvolvimento personalizado Nosso processo de desenvolvimento A cada m\u00eas selecionamos uma s\u00e9rie de recursos solicitados do nosso conselho do Trello para ser inclu\u00eddo o pr\u00f3ximo grande lan\u00e7amento de recurso do MediaCP. Selecionamos recursos baseados na popularidade, bem como considera\u00e7\u00f5es para a evolu\u00e7\u00e3o do espa\u00e7o de streaming de \u00e1udio e v\u00eddeo. H\u00e1 uma longa lista de [&hellip;]<\/p>\n","protected":false},"author":3,"featured_media":0,"parent":0,"menu_order":0,"comment_status":"closed","ping_status":"closed","template":"elementor_header_footer","meta":{"_acf_changed":false,"_monsterinsights_skip_tracking":false,"_monsterinsights_sitenote_active":false,"_monsterinsights_sitenote_note":"","_monsterinsights_sitenote_category":0,"footnotes":""},"class_list":["post-11212","page","type-page","status-publish","hentry"],"acf":[],"yoast_head":"<!-- This site is optimized with the Yoast SEO plugin v26.6 - https:\/\/yoast.com\/wordpress\/plugins\/seo\/ -->\n<title>Desenvolvimento personalizado patrocinado - Media Control Panel<\/title>\n<meta name=\"robots\" content=\"index, follow, max-snippet:-1, max-image-preview:large, max-video-preview:-1\" \/>\n<link rel=\"canonical\" href=\"https:\/\/www.mediacp.net\/pt-br\/desenvolvimento-personalizado-patrocinado\/\" \/>\n<meta property=\"og:locale\" content=\"pt_BR\" \/>\n<meta property=\"og:type\" content=\"article\" \/>\n<meta property=\"og:title\" content=\"Desenvolvimento personalizado patrocinado - Media Control Panel\" \/>\n<meta property=\"og:description\" content=\"Desenvolvimento personalizado Nosso processo de desenvolvimento A cada m\u00eas selecionamos uma s\u00e9rie de recursos solicitados do nosso conselho do Trello para ser inclu\u00eddo o pr\u00f3ximo grande lan\u00e7amento de recurso do MediaCP. Selecionamos recursos baseados na popularidade, bem como considera\u00e7\u00f5es para a evolu\u00e7\u00e3o do espa\u00e7o de streaming de \u00e1udio e v\u00eddeo. H\u00e1 uma longa lista de [&hellip;]\" \/>\n<meta property=\"og:url\" content=\"https:\/\/www.mediacp.net\/pt-br\/desenvolvimento-personalizado-patrocinado\/\" \/>\n<meta property=\"og:site_name\" content=\"Media Control Panel\" \/>\n<meta property=\"article:modified_time\" content=\"2022-10-12T21:54:28+00:00\" \/>\n<meta name=\"twitter:card\" content=\"summary_large_image\" \/>\n<meta name=\"twitter:label1\" content=\"Est. tempo de leitura\" \/>\n\t<meta name=\"twitter:data1\" content=\"1 minuto\" \/>\n<script type=\"application\/ld+json\" class=\"yoast-schema-graph\">{\"@context\":\"https:\/\/schema.org\",\"@graph\":[{\"@type\":\"WebPage\",\"@id\":\"https:\/\/www.mediacp.net\/pt-br\/desenvolvimento-personalizado-patrocinado\/\",\"url\":\"https:\/\/www.mediacp.net\/pt-br\/desenvolvimento-personalizado-patrocinado\/\",\"name\":\"Desenvolvimento personalizado patrocinado - Media Control Panel\",\"isPartOf\":{\"@id\":\"https:\/\/www.mediacp.net\/pt-br\/#website\"},\"datePublished\":\"2020-06-04T02:12:10+00:00\",\"dateModified\":\"2022-10-12T21:54:28+00:00\",\"breadcrumb\":{\"@id\":\"https:\/\/www.mediacp.net\/pt-br\/desenvolvimento-personalizado-patrocinado\/#breadcrumb\"},\"inLanguage\":\"pt-BR\",\"potentialAction\":[{\"@type\":\"ReadAction\",\"target\":[\"https:\/\/www.mediacp.net\/pt-br\/desenvolvimento-personalizado-patrocinado\/\"]}]},{\"@type\":\"BreadcrumbList\",\"@id\":\"https:\/\/www.mediacp.net\/pt-br\/desenvolvimento-personalizado-patrocinado\/#breadcrumb\",\"itemListElement\":[{\"@type\":\"ListItem\",\"position\":1,\"name\":\"Home\",\"item\":\"https:\/\/www.mediacp.net\/pt-br\/\"},{\"@type\":\"ListItem\",\"position\":2,\"name\":\"Desenvolvimento personalizado patrocinado\"}]},{\"@type\":\"WebSite\",\"@id\":\"https:\/\/www.mediacp.net\/pt-br\/#website\",\"url\":\"https:\/\/www.mediacp.net\/pt-br\/\",\"name\":\"Media Control Panel\",\"description\":\"\",\"publisher\":{\"@id\":\"https:\/\/www.mediacp.net\/pt-br\/#organization\"},\"potentialAction\":[{\"@type\":\"SearchAction\",\"target\":{\"@type\":\"EntryPoint\",\"urlTemplate\":\"https:\/\/www.mediacp.net\/pt-br\/?s={search_term_string}\"},\"query-input\":{\"@type\":\"PropertyValueSpecification\",\"valueRequired\":true,\"valueName\":\"search_term_string\"}}],\"inLanguage\":\"pt-BR\"},{\"@type\":\"Organization\",\"@id\":\"https:\/\/www.mediacp.net\/pt-br\/#organization\",\"name\":\"Media Control Panel\",\"url\":\"https:\/\/www.mediacp.net\/pt-br\/\",\"logo\":{\"@type\":\"ImageObject\",\"inLanguage\":\"pt-BR\",\"@id\":\"https:\/\/www.mediacp.net\/pt-br\/#\/schema\/logo\/image\/\",\"url\":\"https:\/\/www.mediacp.net\/wp-content\/uploads\/2016\/09\/logo-1.png\",\"contentUrl\":\"https:\/\/www.mediacp.net\/wp-content\/uploads\/2016\/09\/logo-1.png\",\"width\":460,\"height\":116,\"caption\":\"Media Control Panel\"},\"image\":{\"@id\":\"https:\/\/www.mediacp.net\/pt-br\/#\/schema\/logo\/image\/\"}}]}<\/script>\n<!-- \/ Yoast SEO plugin. -->","yoast_head_json":{"title":"Desenvolvimento personalizado patrocinado - Media Control Panel","robots":{"index":"index","follow":"follow","max-snippet":"max-snippet:-1","max-image-preview":"max-image-preview:large","max-video-preview":"max-video-preview:-1"},"canonical":"https:\/\/www.mediacp.net\/pt-br\/desenvolvimento-personalizado-patrocinado\/","og_locale":"pt_BR","og_type":"article","og_title":"Desenvolvimento personalizado patrocinado - Media Control Panel","og_description":"Desenvolvimento personalizado Nosso processo de desenvolvimento A cada m\u00eas selecionamos uma s\u00e9rie de recursos solicitados do nosso conselho do Trello para ser inclu\u00eddo o pr\u00f3ximo grande lan\u00e7amento de recurso do MediaCP. Selecionamos recursos baseados na popularidade, bem como considera\u00e7\u00f5es para a evolu\u00e7\u00e3o do espa\u00e7o de streaming de \u00e1udio e v\u00eddeo. H\u00e1 uma longa lista de [&hellip;]","og_url":"https:\/\/www.mediacp.net\/pt-br\/desenvolvimento-personalizado-patrocinado\/","og_site_name":"Media Control Panel","article_modified_time":"2022-10-12T21:54:28+00:00","twitter_card":"summary_large_image","twitter_misc":{"Est. tempo de leitura":"1 minuto"},"schema":{"@context":"https:\/\/schema.org","@graph":[{"@type":"WebPage","@id":"https:\/\/www.mediacp.net\/pt-br\/desenvolvimento-personalizado-patrocinado\/","url":"https:\/\/www.mediacp.net\/pt-br\/desenvolvimento-personalizado-patrocinado\/","name":"Desenvolvimento personalizado patrocinado - Media Control Panel","isPartOf":{"@id":"https:\/\/www.mediacp.net\/pt-br\/#website"},"datePublished":"2020-06-04T02:12:10+00:00","dateModified":"2022-10-12T21:54:28+00:00","breadcrumb":{"@id":"https:\/\/www.mediacp.net\/pt-br\/desenvolvimento-personalizado-patrocinado\/#breadcrumb"},"inLanguage":"pt-BR","potentialAction":[{"@type":"ReadAction","target":["https:\/\/www.mediacp.net\/pt-br\/desenvolvimento-personalizado-patrocinado\/"]}]},{"@type":"BreadcrumbList","@id":"https:\/\/www.mediacp.net\/pt-br\/desenvolvimento-personalizado-patrocinado\/#breadcrumb","itemListElement":[{"@type":"ListItem","position":1,"name":"Home","item":"https:\/\/www.mediacp.net\/pt-br\/"},{"@type":"ListItem","position":2,"name":"Desenvolvimento personalizado patrocinado"}]},{"@type":"WebSite","@id":"https:\/\/www.mediacp.net\/pt-br\/#website","url":"https:\/\/www.mediacp.net\/pt-br\/","name":"Media Control Panel","description":"","publisher":{"@id":"https:\/\/www.mediacp.net\/pt-br\/#organization"},"potentialAction":[{"@type":"SearchAction","target":{"@type":"EntryPoint","urlTemplate":"https:\/\/www.mediacp.net\/pt-br\/?s={search_term_string}"},"query-input":{"@type":"PropertyValueSpecification","valueRequired":true,"valueName":"search_term_string"}}],"inLanguage":"pt-BR"},{"@type":"Organization","@id":"https:\/\/www.mediacp.net\/pt-br\/#organization","name":"Media Control Panel","url":"https:\/\/www.mediacp.net\/pt-br\/","logo":{"@type":"ImageObject","inLanguage":"pt-BR","@id":"https:\/\/www.mediacp.net\/pt-br\/#\/schema\/logo\/image\/","url":"https:\/\/www.mediacp.net\/wp-content\/uploads\/2016\/09\/logo-1.png","contentUrl":"https:\/\/www.mediacp.net\/wp-content\/uploads\/2016\/09\/logo-1.png","width":460,"height":116,"caption":"Media Control Panel"},"image":{"@id":"https:\/\/www.mediacp.net\/pt-br\/#\/schema\/logo\/image\/"}}]}},"_links":{"self":[{"href":"https:\/\/www.mediacp.net\/pt-br\/wp-json\/wp\/v2\/pages\/11212","targetHints":{"allow":["GET"]}}],"collection":[{"href":"https:\/\/www.mediacp.net\/pt-br\/wp-json\/wp\/v2\/pages"}],"about":[{"href":"https:\/\/www.mediacp.net\/pt-br\/wp-json\/wp\/v2\/types\/page"}],"author":[{"embeddable":true,"href":"https:\/\/www.mediacp.net\/pt-br\/wp-json\/wp\/v2\/users\/3"}],"replies":[{"embeddable":true,"href":"https:\/\/www.mediacp.net\/pt-br\/wp-json\/wp\/v2\/comments?post=11212"}],"version-history":[{"count":0,"href":"https:\/\/www.mediacp.net\/pt-br\/wp-json\/wp\/v2\/pages\/11212\/revisions"}],"wp:attachment":[{"href":"https:\/\/www.mediacp.net\/pt-br\/wp-json\/wp\/v2\/media?parent=11212"}],"curies":[{"name":"wp","href":"https:\/\/api.w.org\/{rel}","templated":true}]}}